{"id":11,"date":"2018-01-04T00:35:01","date_gmt":"2018-01-03T21:35:01","guid":{"rendered":"http:\/\/tonguclar.com.tr\/?page_id=11"},"modified":"2018-02-11T18:30:22","modified_gmt":"2018-02-11T15:30:22","slug":"insaat","status":"publish","type":"page","link":"https:\/\/tonguclar.com.tr\/?page_id=11","title":{"rendered":"\u0130n\u015faat"},"content":{"rendered":"<p>[vc_row][vc_column width=&#8221;1\/2&#8243;][vc_cta h2=&#8221;\u0130n\u015faat Malzemeleri&#8221; h4=&#8221;\u00c7imento, Demir, Kiremit..&#8221; txt_align=&#8221;center&#8221; shape=&#8221;round&#8221; color=&#8221;mulled-wine&#8221; add_button=&#8221;bottom&#8221; btn_title=&#8221;Detaylar&#8221; btn_color=&#8221;black&#8221; btn_align=&#8221;center&#8221; btn_css_animation=&#8221;slideInUp&#8221; add_icon=&#8221;top&#8221; i_type=&#8221;entypo&#8221; i_icon_entypo=&#8221;entypo-icon entypo-icon-bucket&#8221; i_color=&#8221;sandy_brown&#8221; i_size=&#8221;lg&#8221; i_on_border=&#8221;true&#8221; btn_link=&#8221;url:http%3A%2F%2Ftonguclar.com.tr%2Finsaat-malzemeleri%2F|||&#8221;][\/vc_cta][\/vc_column][vc_column width=&#8221;1\/2&#8243;][vc_cta h2=&#8221;\u0130n\u015faat Taahh\u00fct&#8221; h4=&#8221;Sat\u0131l\u0131k S\u0131f\u0131r Daireler&#8221; txt_align=&#8221;center&#8221; shape=&#8221;round&#8221; color=&#8221;mulled-wine&#8221; add_button=&#8221;bottom&#8221; btn_title=&#8221;Detaylar&#8221; btn_color=&#8221;black&#8221; btn_align=&#8221;center&#8221; btn_css_animation=&#8221;slideInUp&#8221; add_icon=&#8221;top&#8221; i_icon_fontawesome=&#8221;fa fa-home&#8221; i_color=&#8221;sandy_brown&#8221; i_size=&#8221;lg&#8221; i_on_border=&#8221;true&#8221; btn_link=&#8221;url:http%3A%2F%2Ftonguclar.com.tr%2Finsaat-taahhut%2F|||&#8221;][\/vc_cta][\/vc_column][\/vc_row][vc_row][vc_column][\/vc_column][\/vc_row]<\/p>\n","protected":false},"excerpt":{"rendered":"<p>[vc_row][vc_column width=&#8221;1\/2&#8243;][vc_cta h2=&#8221;\u0130n\u015faat Malzemeleri&#8221; h4=&#8221;\u00c7imento, Demir, Kiremit..&#8221; txt_align=&#8221;center&#8221; shape=&#8221;round&#8221; color=&#8221;mulled-wine&#8221; add_button=&#8221;bottom&#8221; btn_title=&#8221;Detaylar&#8221; btn_color=&#8221;black&#8221; btn_align=&#8221;center&#8221; btn_css_animation=&#8221;slideInUp&#8221; add_icon=&#8221;top&#8221; i_type=&#8221;entypo&#8221; i_icon_entypo=&#8221;entypo-icon entypo-icon-bucket&#8221; i_color=&#8221;sandy_brown&#8221; i_size=&#8221;lg&#8221; i_on_border=&#8221;true&#8221; btn_link=&#8221;url:http%3A%2F%2Ftonguclar.com.tr%2Finsaat-malzemeleri%2F|||&#8221;][\/vc_cta][\/vc_column][vc_column width=&#8221;1\/2&#8243;][vc_cta h2=&#8221;\u0130n\u015faat Taahh\u00fct&#8221; h4=&#8221;Sat\u0131l\u0131k S\u0131f\u0131r Daireler&#8221; txt_align=&#8221;center&#8221; shape=&#8221;round&#8221; color=&#8221;mulled-wine&#8221; add_button=&#8221;bottom&#8221; btn_title=&#8221;Detaylar&#8221; btn_color=&#8221;black&#8221; btn_align=&#8221;center&#8221; btn_css_animation=&#8221;slideInUp&#8221; add_icon=&#8221;top&#8221; i_icon_fontawesome=&#8221;fa fa-home&#8221; i_color=&#8221;sandy_brown&#8221; i_size=&#8221;lg&#8221; i_on_border=&#8221;true&#8221; btn_link=&#8221;url:http%3A%2F%2Ftonguclar.com.tr%2Finsaat-taahhut%2F|||&#8221;][\/vc_cta][\/vc_column][\/vc_row][vc_row][vc_column][\/vc_column][\/vc_row]<\/p>\n","protected":false},"author":3,"featured_media":0,"parent":0,"menu_order":0,"comment_status":"closed","ping_status":"closed","template":"","meta":[],"_links":{"self":[{"href":"https:\/\/tonguclar.com.tr\/index.php?rest_route=\/wp\/v2\/pages\/11"}],"collection":[{"href":"https:\/\/tonguclar.com.tr\/index.php?rest_route=\/wp\/v2\/pages"}],"about":[{"href":"https:\/\/tonguclar.com.tr\/index.php?rest_route=\/wp\/v2\/types\/page"}],"author":[{"embeddable":true,"href":"https:\/\/tonguclar.com.tr\/index.php?rest_route=\/wp\/v2\/users\/3"}],"replies":[{"embeddable":true,"href":"https:\/\/tonguclar.com.tr\/index.php?rest_route=%2Fwp%2Fv2%2Fcomments&post=11"}],"version-history":[{"count":2,"href":"https:\/\/tonguclar.com.tr\/index.php?rest_route=\/wp\/v2\/pages\/11\/revisions"}],"predecessor-version":[{"id":239,"href":"https:\/\/tonguclar.com.tr\/index.php?rest_route=\/wp\/v2\/pages\/11\/revisions\/239"}],"wp:attachment":[{"href":"https:\/\/tonguclar.com.tr\/index.php?rest_route=%2Fwp%2Fv2%2Fmedia&parent=11"}],"curies":[{"name":"wp","href":"https:\/\/api.w.org\/{rel}","templated":true}]}}