{"id":165,"date":"2018-01-04T20:40:55","date_gmt":"2018-01-04T17:40:55","guid":{"rendered":"http:\/\/tonguclar.com.tr\/?page_id=165"},"modified":"2018-02-12T04:03:50","modified_gmt":"2018-02-12T01:03:50","slug":"foto-galeri","status":"publish","type":"page","link":"https:\/\/tonguclar.com.tr\/?page_id=165","title":{"rendered":"Foto ve Video Galeri"},"content":{"rendered":"<p>[vc_row][vc_column][vc_gallery type=&#8221;image_grid&#8221; images=&#8221;299,300,301,302,303,304,305,306,307,308,309,310,311,312,313,314,315&#8243; title=&#8221;F\u0131nd\u0131k Fabrikam\u0131z&#8221;][\/vc_column][\/vc_row][vc_row][vc_column width=&#8221;1\/3&#8243;][vc_video link=&#8221;https:\/\/youtu.be\/IaamY98uWk8&#8243;][\/vc_column][vc_column width=&#8221;1\/3&#8243;][vc_video link=&#8221;https:\/\/youtu.be\/VeM4XtLi5RQ&#8221;][\/vc_column][vc_column width=&#8221;1\/3&#8243;][vc_video link=&#8221;https:\/\/youtu.be\/fDtFVJdRTDY&#8221;][\/vc_column][\/vc_row][vc_row][vc_column width=&#8221;1\/3&#8243;][vc_video link=&#8221;https:\/\/youtu.be\/TxZrryi1JgY&#8221;][\/vc_column][vc_column width=&#8221;1\/3&#8243;][vc_video link=&#8221;https:\/\/youtu.be\/1XEeGawbAIs&#8221;][\/vc_column][vc_column width=&#8221;1\/3&#8243;][vc_video link=&#8221;https:\/\/youtu.be\/NRC56NjmGNw&#8221;][\/vc_column][\/vc_row][vc_row][vc_column][vc_separator][\/vc_column][\/vc_row][vc_row][vc_column][vc_gallery type=&#8221;image_grid&#8221; images=&#8221;322,323,324,325&#8243; title=&#8221;Merkez Ofisimiz&#8221;][\/vc_column][\/vc_row][vc_row][vc_column][vc_gallery type=&#8221;image_grid&#8221; images=&#8221;328,329,330,331,332,333&#8243; title=&#8221;Un, Kepek, Bulgur Sat\u0131\u015f Ma\u011fazam\u0131z&#8221;][\/vc_column][\/vc_row][vc_row][vc_column][vc_gallery type=&#8221;image_grid&#8221; images=&#8221;336,337,338,339&#8243; title=&#8221;\u0130n\u015faat Taah\u00fct&#8221;][\/vc_column][\/vc_row][vc_row][vc_column][vc_gallery type=&#8221;image_grid&#8221; images=&#8221;340,341,342,343,344,345,346,347,348,349,350,351,352,353,354&#8243; title=&#8221;\u0130n\u015faat Malzemeleri&#8221;][\/vc_column][\/vc_row][vc_row][vc_column][vc_gallery type=&#8221;image_grid&#8221; images=&#8221;356,357,358,359,360,361&#8243; title=&#8221;Depolar\u0131m\u0131z&#8221;][\/vc_column][\/vc_row]<\/p>\n","protected":false},"excerpt":{"rendered":"<p>[vc_row][vc_column][vc_gallery type=&#8221;image_grid&#8221; images=&#8221;299,300,301,302,303,304,305,306,307,308,309,310,311,312,313,314,315&#8243; title=&#8221;F\u0131nd\u0131k Fabrikam\u0131z&#8221;][\/vc_column][\/vc_row][vc_row][vc_column width=&#8221;1\/3&#8243;][vc_video link=&#8221;https:\/\/youtu.be\/IaamY98uWk8&#8243;][\/vc_column][vc_column width=&#8221;1\/3&#8243;][vc_video link=&#8221;https:\/\/youtu.be\/VeM4XtLi5RQ&#8221;][\/vc_column][vc_column width=&#8221;1\/3&#8243;][vc_video link=&#8221;https:\/\/youtu.be\/fDtFVJdRTDY&#8221;][\/vc_column][\/vc_row][vc_row][vc_column width=&#8221;1\/3&#8243;][vc_video link=&#8221;https:\/\/youtu.be\/TxZrryi1JgY&#8221;][\/vc_column][vc_column width=&#8221;1\/3&#8243;][vc_video link=&#8221;https:\/\/youtu.be\/1XEeGawbAIs&#8221;][\/vc_column][vc_column width=&#8221;1\/3&#8243;][vc_video link=&#8221;https:\/\/youtu.be\/NRC56NjmGNw&#8221;][\/vc_column][\/vc_row][vc_row][vc_column][vc_separator][\/vc_column][\/vc_row][vc_row][vc_column][vc_gallery type=&#8221;image_grid&#8221; images=&#8221;322,323,324,325&#8243; title=&#8221;Merkez Ofisimiz&#8221;][\/vc_column][\/vc_row][vc_row][vc_column][vc_gallery type=&#8221;image_grid&#8221; images=&#8221;328,329,330,331,332,333&#8243; title=&#8221;Un, Kepek, Bulgur Sat\u0131\u015f Ma\u011fazam\u0131z&#8221;][\/vc_column][\/vc_row][vc_row][vc_column][vc_gallery type=&#8221;image_grid&#8221; images=&#8221;336,337,338,339&#8243; title=&#8221;\u0130n\u015faat Taah\u00fct&#8221;][\/vc_column][\/vc_row][vc_row][vc_column][vc_gallery type=&#8221;image_grid&#8221; images=&#8221;340,341,342,343,344,345,346,347,348,349,350,351,352,353,354&#8243; title=&#8221;\u0130n\u015faat Malzemeleri&#8221;][\/vc_column][\/vc_row][vc_row][vc_column][vc_gallery type=&#8221;image_grid&#8221; images=&#8221;356,357,358,359,360,361&#8243; title=&#8221;Depolar\u0131m\u0131z&#8221;][\/vc_column][\/vc_row]<\/p>\n","protected":false},"author":3,"featured_media":0,"parent":0,"menu_order":0,"comment_status":"closed","ping_status":"closed","template":"","meta":[],"_links":{"self":[{"href":"https:\/\/tonguclar.com.tr\/index.php?rest_route=\/wp\/v2\/pages\/165"}],"collection":[{"href":"https:\/\/tonguclar.com.tr\/index.php?rest_route=\/wp\/v2\/pages"}],"about":[{"href":"https:\/\/tonguclar.com.tr\/index.php?rest_route=\/wp\/v2\/types\/page"}],"author":[{"embeddable":true,"href":"https:\/\/tonguclar.com.tr\/index.php?rest_route=\/wp\/v2\/users\/3"}],"replies":[{"embeddable":true,"href":"https:\/\/tonguclar.com.tr\/index.php?rest_route=%2Fwp%2Fv2%2Fcomments&post=165"}],"version-history":[{"count":34,"href":"https:\/\/tonguclar.com.tr\/index.php?rest_route=\/wp\/v2\/pages\/165\/revisions"}],"predecessor-version":[{"id":363,"href":"https:\/\/tonguclar.com.tr\/index.php?rest_route=\/wp\/v2\/pages\/165\/revisions\/363"}],"wp:attachment":[{"href":"https:\/\/tonguclar.com.tr\/index.php?rest_route=%2Fwp%2Fv2%2Fmedia&parent=165"}],"curies":[{"name":"wp","href":"https:\/\/api.w.org\/{rel}","templated":true}]}}