{"id":18,"date":"2018-01-04T00:40:14","date_gmt":"2018-01-03T21:40:14","guid":{"rendered":"http:\/\/tonguclar.com.tr\/?page_id=18"},"modified":"2018-02-10T00:49:15","modified_gmt":"2018-02-09T21:49:15","slug":"iletisim","status":"publish","type":"page","link":"https:\/\/tonguclar.com.tr\/?page_id=18","title":{"rendered":"\u0130leti\u015fim"},"content":{"rendered":"<p>[vc_row][vc_column width=&#8221;1\/3&#8243;][vc_gmaps link=&#8221;#E-8_JTNDaWZyYW1lJTIwc3JjJTNEJTIyaHR0cHMlM0ElMkYlMkZ3d3cuZ29vZ2xlLmNvbSUyRm1hcHMlMkZlbWJlZCUzRnBiJTNEJTIxMW0xOCUyMTFtMTIlMjExbTMlMjExZDY2MTI5LjMyMDI1ODM2ODEzJTIxMmQyOS45OTIxNzU1NTMxMDUyNzMlMjEzZDQxLjA2NTMzNDY4NTk4OTUlMjEybTMlMjExZjAlMjEyZjAlMjEzZjAlMjEzbTIlMjExaTEwMjQlMjEyaTc2OCUyMTRmMTMuMSUyMTNtMyUyMTFtMiUyMTFzMHgwJTI1M0EweGU4YTU2NDI0ZTM0ZDc2NSUyMTJ6Vkc5dVozWERwMnhoY2lCVVlYTEVzVzBnV1dGNnhMRm9ZVzVsYzJrJTIxNWUwJTIxM20yJTIxMXN0ciUyMTJzdHIlMjE0djE1MTUxMDQwNDc4OTElMjIlMjB3aWR0aCUzRCUyMjYwMCUyMiUyMGhlaWdodCUzRCUyMjQ1MCUyMiUyMGZyYW1lYm9yZGVyJTNEJTIyMCUyMiUyMHN0eWxlJTNEJTIyYm9yZGVyJTNBMCUyMiUyMGFsbG93ZnVsbHNjcmVlbiUzRSUzQyUyRmlmcmFtZSUzRQ==&#8221;][\/vc_column][vc_column width=&#8221;1\/3&#8243;][vc_column_text]<strong>\u0130leti\u015fim Bilgilerimiz:<\/strong><\/p>\n<p><strong>Merkez <\/strong><br \/>\n<i class=\"fa fa-map-marker\" aria-hidden=\"true\"><\/i> : \u00c7ar\u015f\u0131 Camii Kar\u015f\u0131s\u0131 \/ Kand\u0131ra &#8211; Kocaeli<br \/>\n<i class=\"fa fa-phone-square\" aria-hidden=\"true\"><\/i> : 0 262 551 30 75<\/p>\n<p><strong>\u015eube <\/strong><br \/>\n<i class=\"fa fa-map-marker\" aria-hidden=\"true\"><\/i> : A\u011fva yolu \u00fczeri No:41 Kand\u0131ra &#8211; Kocaeli<br \/>\n<i class=\"fa fa-phone-square\" aria-hidden=\"true\"><\/i> : 0262 551 26 06<\/p>\n<p><strong>Fabrika <\/strong><br \/>\n<i class=\"fa fa-industry\" aria-hidden=\"true\"><\/i>: A\u011fva yolu \u00fczeri 2. km. Kand\u0131ra &#8211; Kocaeli<br \/>\n<i class=\"fa fa-phone-square\" aria-hidden=\"true\"><\/i> : 0 262 551 54 94 [\/vc_column_text][\/vc_column][vc_column width=&#8221;1\/3&#8243;]<div role=\"form\" class=\"wpcf7\" id=\"wpcf7-f225-o1\" lang=\"tr-TR\" dir=\"ltr\">\n<div class=\"screen-reader-response\"><p role=\"status\" aria-live=\"polite\" aria-atomic=\"true\"><\/p> <ul><\/ul><\/div>\n<form action=\"\/index.php?rest_route=%2Fwp%2Fv2%2Fpages%2F18#wpcf7-f225-o1\" method=\"post\" class=\"wpcf7-form init\" novalidate=\"novalidate\" data-status=\"init\">\n<div style=\"display: none;\">\n<input type=\"hidden\" name=\"_wpcf7\" value=\"225\" \/>\n<input type=\"hidden\" name=\"_wpcf7_version\" value=\"5.6.4\" \/>\n<input type=\"hidden\" name=\"_wpcf7_locale\" value=\"tr_TR\" \/>\n<input type=\"hidden\" name=\"_wpcf7_unit_tag\" value=\"wpcf7-f225-o1\" \/>\n<input type=\"hidden\" name=\"_wpcf7_container_post\" value=\"0\" \/>\n<input type=\"hidden\" name=\"_wpcf7_posted_data_hash\" value=\"\" \/>\n<\/div>\n<p><label> Ad\u0131n\u0131z (gerekli)<br \/>\n    <span class=\"wpcf7-form-control-wrap\" data-name=\"your-name\"><input type=\"text\" name=\"your-name\" value=\"\" size=\"40\" class=\"wpcf7-form-control wpcf7-text wpcf7-validates-as-required\" aria-required=\"true\" aria-invalid=\"false\" \/><\/span> <\/label><\/p>\n<p><label> E-posta adresiniz (gerekli)<br \/>\n    <span class=\"wpcf7-form-control-wrap\" data-name=\"your-email\"><input type=\"email\" name=\"your-email\" value=\"\" size=\"40\" class=\"wpcf7-form-control wpcf7-text wpcf7-email wpcf7-validates-as-required wpcf7-validates-as-email\" aria-required=\"true\" aria-invalid=\"false\" \/><\/span> <\/label><\/p>\n<p><label> Konu<br \/>\n    <span class=\"wpcf7-form-control-wrap\" data-name=\"your-subject\"><input type=\"text\" name=\"your-subject\" value=\"\" size=\"40\" class=\"wpcf7-form-control wpcf7-text\" aria-invalid=\"false\" \/><\/span> <\/label><\/p>\n<p><label> \u0130letiniz<br \/>\n    <span class=\"wpcf7-form-control-wrap\" data-name=\"your-message\"><textarea name=\"your-message\" cols=\"40\" rows=\"10\" class=\"wpcf7-form-control wpcf7-textarea\" aria-invalid=\"false\"><\/textarea><\/span> <\/label><\/p>\n<p><input type=\"submit\" value=\"G\u00f6nder\" class=\"wpcf7-form-control has-spinner wpcf7-submit\" \/><\/p>\n<p style=\"display: none !important;\"><label>&#916;<textarea name=\"_wpcf7_ak_hp_textarea\" cols=\"45\" rows=\"8\" maxlength=\"100\"><\/textarea><\/label><input type=\"hidden\" id=\"ak_js_1\" name=\"_wpcf7_ak_js\" value=\"94\"\/><script>document.getElementById( \"ak_js_1\" ).setAttribute( \"value\", ( new Date() ).getTime() );<\/script><\/p><div class=\"wpcf7-response-output\" aria-hidden=\"true\"><\/div><\/form><\/div>[\/vc_column][\/vc_row]<\/p>\n","protected":false},"excerpt":{"rendered":"<p>[vc_row][vc_column width=&#8221;1\/3&#8243;][vc_gmaps link=&#8221;#E-8_JTNDaWZyYW1lJTIwc3JjJTNEJTIyaHR0cHMlM0ElMkYlMkZ3d3cuZ29vZ2xlLmNvbSUyRm1hcHMlMkZlbWJlZCUzRnBiJTNEJTIxMW0xOCUyMTFtMTIlMjExbTMlMjExZDY2MTI5LjMyMDI1ODM2ODEzJTIxMmQyOS45OTIxNzU1NTMxMDUyNzMlMjEzZDQxLjA2NTMzNDY4NTk4OTUlMjEybTMlMjExZjAlMjEyZjAlMjEzZjAlMjEzbTIlMjExaTEwMjQlMjEyaTc2OCUyMTRmMTMuMSUyMTNtMyUyMTFtMiUyMTFzMHgwJTI1M0EweGU4YTU2NDI0ZTM0ZDc2NSUyMTJ6Vkc5dVozWERwMnhoY2lCVVlYTEVzVzBnV1dGNnhMRm9ZVzVsYzJrJTIxNWUwJTIxM20yJTIxMXN0ciUyMTJzdHIlMjE0djE1MTUxMDQwNDc4OTElMjIlMjB3aWR0aCUzRCUyMjYwMCUyMiUyMGhlaWdodCUzRCUyMjQ1MCUyMiUyMGZyYW1lYm9yZGVyJTNEJTIyMCUyMiUyMHN0eWxlJTNEJTIyYm9yZGVyJTNBMCUyMiUyMGFsbG93ZnVsbHNjcmVlbiUzRSUzQyUyRmlmcmFtZSUzRQ==&#8221;][\/vc_column][vc_column width=&#8221;1\/3&#8243;][vc_column_text]\u0130leti\u015fim Bilgilerimiz: Merkez : \u00c7ar\u015f\u0131 Camii Kar\u015f\u0131s\u0131 \/ Kand\u0131ra &#8211; Kocaeli : 0 262 551 30 75 \u015eube : A\u011fva yolu \u00fczeri No:41 Kand\u0131ra &#8211; Kocaeli : 0262 551 26 06 Fabrika : A\u011fva yolu \u00fczeri 2. km. Kand\u0131ra &#8211; Kocaeli : 0 262 551 54 94 [\/vc_column_text][\/vc_column][vc_column width=&#8221;1\/3&#8243;][\/vc_column][\/vc_row]<\/p>\n","protected":false},"author":3,"featured_media":0,"parent":0,"menu_order":0,"comment_status":"closed","ping_status":"closed","template":"","meta":[],"_links":{"self":[{"href":"https:\/\/tonguclar.com.tr\/index.php?rest_route=\/wp\/v2\/pages\/18"}],"collection":[{"href":"https:\/\/tonguclar.com.tr\/index.php?rest_route=\/wp\/v2\/pages"}],"about":[{"href":"https:\/\/tonguclar.com.tr\/index.php?rest_route=\/wp\/v2\/types\/page"}],"author":[{"embeddable":true,"href":"https:\/\/tonguclar.com.tr\/index.php?rest_route=\/wp\/v2\/users\/3"}],"replies":[{"embeddable":true,"href":"https:\/\/tonguclar.com.tr\/index.php?rest_route=%2Fwp%2Fv2%2Fcomments&post=18"}],"version-history":[{"count":17,"href":"https:\/\/tonguclar.com.tr\/index.php?rest_route=\/wp\/v2\/pages\/18\/revisions"}],"predecessor-version":[{"id":229,"href":"https:\/\/tonguclar.com.tr\/index.php?rest_route=\/wp\/v2\/pages\/18\/revisions\/229"}],"wp:attachment":[{"href":"https:\/\/tonguclar.com.tr\/index.php?rest_route=%2Fwp%2Fv2%2Fmedia&parent=18"}],"curies":[{"name":"wp","href":"https:\/\/api.w.org\/{rel}","templated":true}]}}