{"id":22,"date":"2018-01-04T00:41:09","date_gmt":"2018-01-03T21:41:09","guid":{"rendered":"http:\/\/tonguclar.com.tr\/?page_id=22"},"modified":"2018-02-11T22:36:48","modified_gmt":"2018-02-11T19:36:48","slug":"vizyon-misyon","status":"publish","type":"page","link":"https:\/\/tonguclar.com.tr\/?page_id=22","title":{"rendered":"Vizyon &#038; Misyon"},"content":{"rendered":"<p>[vc_row][vc_column][vc_column_text]<strong>Misyonumuz<\/strong><\/p>\n<p>B\u00f6lgemizin f\u0131nd\u0131\u011f\u0131n\u0131n d\u0131\u015far\u0131ya ak\u0131\u015f\u0131n\u0131 engellemek ve daha y\u00fcksek fiyata \u00fcreticilerimize kazand\u0131rarak ortak \u00e7\u0131karlar\u0131m\u0131z\u0131 kollamakt\u0131r.<\/p>\n<p>[\/vc_column_text][\/vc_column][\/vc_row][vc_row][vc_column][vc_separator][\/vc_column][\/vc_row][vc_row][vc_column width=&#8221;1\/2&#8243;][vc_column_text]<strong>Vizyonumuz<\/strong><\/p>\n<p>Y\u00dcCE \u00d6NDER MUSTAFA KEMAL ATAT\u00dcRK&#8217;\u00dcN S\u00d6YLEM\u0130\u015e OLDU\u011eU<\/p>\n<p>&#8221;K\u00d6YL\u00dc M\u0130LLET\u0130N EFEND\u0130S\u0130D\u0130R.&#8221;<\/p>\n<p>S\u00d6Z\u00dcN\u00dc KEND\u0130M\u0130ZE \u0130LKE ED\u0130ND\u0130K.MAHS\u00dcL\u00dcN \u0130LK \u00c7IKI\u015e NOKTASI OLAN K\u00d6YL\u00dc YE H\u0130\u00c7B\u0130R ZAMAN YUKARIDAN BAKMAYARAK BERABER CE BU N\u0130MET\u0130 DE\u011eERLEND\u0130RMEY\u0130 VAZ\u0130FE B\u0130LD\u0130K.\u00d6NCE ALLAHA \u015e\u00dcKRANLARIMIZI SUNUYOR VE DAHA SONRADA KEND\u0130LER\u0130NE TE\u015eEKK\u00dcR ED\u0130YORUZ.[\/vc_column_text][\/vc_column][vc_column width=&#8221;1\/2&#8243;][vc_single_image image=&#8221;259&#8243; img_size=&#8221;full&#8221;][\/vc_column][\/vc_row]<\/p>\n","protected":false},"excerpt":{"rendered":"<p>[vc_row][vc_column][vc_column_text]Misyonumuz B\u00f6lgemizin f\u0131nd\u0131\u011f\u0131n\u0131n d\u0131\u015far\u0131ya ak\u0131\u015f\u0131n\u0131 engellemek ve daha y\u00fcksek fiyata \u00fcreticilerimize kazand\u0131rarak ortak \u00e7\u0131karlar\u0131m\u0131z\u0131 kollamakt\u0131r. [\/vc_column_text][\/vc_column][\/vc_row][vc_row][vc_column][vc_separator][\/vc_column][\/vc_row][vc_row][vc_column width=&#8221;1\/2&#8243;][vc_column_text]Vizyonumuz Y\u00dcCE \u00d6NDER MUSTAFA KEMAL ATAT\u00dcRK&#8217;\u00dcN S\u00d6YLEM\u0130\u015e OLDU\u011eU &#8221;K\u00d6YL\u00dc M\u0130LLET\u0130N EFEND\u0130S\u0130D\u0130R.&#8221; S\u00d6Z\u00dcN\u00dc KEND\u0130M\u0130ZE \u0130LKE ED\u0130ND\u0130K.MAHS\u00dcL\u00dcN \u0130LK \u00c7IKI\u015e NOKTASI OLAN K\u00d6YL\u00dc YE H\u0130\u00c7B\u0130R ZAMAN YUKARIDAN BAKMAYARAK BERABER CE BU N\u0130MET\u0130 DE\u011eERLEND\u0130RMEY\u0130 VAZ\u0130FE B\u0130LD\u0130K.\u00d6NCE ALLAHA \u015e\u00dcKRANLARIMIZI SUNUYOR VE DAHA SONRADA KEND\u0130LER\u0130NE [&hellip;]<\/p>\n","protected":false},"author":3,"featured_media":0,"parent":0,"menu_order":0,"comment_status":"closed","ping_status":"closed","template":"","meta":[],"_links":{"self":[{"href":"https:\/\/tonguclar.com.tr\/index.php?rest_route=\/wp\/v2\/pages\/22"}],"collection":[{"href":"https:\/\/tonguclar.com.tr\/index.php?rest_route=\/wp\/v2\/pages"}],"about":[{"href":"https:\/\/tonguclar.com.tr\/index.php?rest_route=\/wp\/v2\/types\/page"}],"author":[{"embeddable":true,"href":"https:\/\/tonguclar.com.tr\/index.php?rest_route=\/wp\/v2\/users\/3"}],"replies":[{"embeddable":true,"href":"https:\/\/tonguclar.com.tr\/index.php?rest_route=%2Fwp%2Fv2%2Fcomments&post=22"}],"version-history":[{"count":2,"href":"https:\/\/tonguclar.com.tr\/index.php?rest_route=\/wp\/v2\/pages\/22\/revisions"}],"predecessor-version":[{"id":263,"href":"https:\/\/tonguclar.com.tr\/index.php?rest_route=\/wp\/v2\/pages\/22\/revisions\/263"}],"wp:attachment":[{"href":"https:\/\/tonguclar.com.tr\/index.php?rest_route=%2Fwp%2Fv2%2Fmedia&parent=22"}],"curies":[{"name":"wp","href":"https:\/\/api.w.org\/{rel}","templated":true}]}}