{"id":24,"date":"2018-01-04T00:41:57","date_gmt":"2018-01-03T21:41:57","guid":{"rendered":"http:\/\/tonguclar.com.tr\/?page_id=24"},"modified":"2018-02-10T00:20:49","modified_gmt":"2018-02-09T21:20:49","slug":"findik-cesitleri","status":"publish","type":"page","link":"https:\/\/tonguclar.com.tr\/?page_id=24","title":{"rendered":"F\u0131nd\u0131k \u00c7e\u015fitleri"},"content":{"rendered":"<p>[vc_row][vc_column][vc_column_text]<\/p>\n<h3 style=\"text-align: left;\"><strong>Fo\u00e7a F\u0131nd\u0131k<\/strong><\/h3>\n<p>[\/vc_column_text][\/vc_column][\/vc_row][vc_row][vc_column width=&#8221;1\/2&#8243;][vc_single_image image=&#8221;211&#8243; img_size=&#8221;full&#8221;][\/vc_column][vc_column width=&#8221;1\/2&#8243;][vc_column_text]\u00dcRET\u0130C\u0130DEN GELEN KABUKLU FINDIK \u00d6NCE FABR\u0130KA BO\u011eAZINDAN GE\u00c7ER VE ELEMEYE G\u0130RER.ELEKLERDE 19 mm\u2019\u0130N \u00dcZER\u0130 FO\u00c7A FINDIK OLARAK AYRILIR.TEM\u0130ZL\u0130\u011e\u0130 YAPILDIKTAN SONRAKABUKLU HALDE STANDART OLARAK \u00c7UVALLANIR .GENELDE \u0130\u00c7 P\u0130YASADA T\u00dcKET\u0130L\u0130R.G\u00d6R\u00dcNT\u00dc OLARAK G\u00dcZELD\u0130R.EN \u0130R\u0130 FINDIKLAR SE\u00c7\u0130LM\u0130\u015eT\u0130R.FAKAT EN \u0130R\u0130 FINDI\u011eIN \u0130\u00c7\u0130DE EN \u0130R\u0130 MAHS\u00dcL \u00c7IKMAYA B\u0130L\u0130R.FO\u00c7A FINDI\u011eIN KABU\u011eU KALIN OLUR.[\/vc_column_text][\/vc_column][\/vc_row][vc_row][vc_column][vc_separator border_width=&#8221;2&#8243;][\/vc_column][\/vc_row][vc_row][vc_column][vc_column_text]<\/p>\n<h3 style=\"text-align: left;\"><strong>\u0130\u00e7 F\u0131nd\u0131k<\/strong><\/h3>\n<p>[\/vc_column_text][\/vc_column][\/vc_row][vc_row][vc_column width=&#8221;1\/2&#8243;][vc_single_image image=&#8221;213&#8243; img_size=&#8221;full&#8221;][\/vc_column][vc_column width=&#8221;1\/2&#8243;][vc_column_text]F\u0131nd\u0131\u011f\u0131n kabu\u011funun k\u0131r\u0131ld\u0131kdan sonra kalan zarl\u0131 i\u00e7 halidir.Buru\u015fuk,9-11,11-13,13-15 olarak kalibrelere ayr\u0131l\u0131r.[\/vc_column_text][\/vc_column][\/vc_row][vc_row][vc_column][vc_separator border_width=&#8221;2&#8243;][\/vc_column][\/vc_row][vc_row][vc_column][vc_column_text]<\/p>\n<h3>Kavrulmu\u015f F\u0131nd\u0131k<\/h3>\n<p>[\/vc_column_text][\/vc_column][\/vc_row][vc_row][vc_column width=&#8221;1\/2&#8243;][vc_single_image image=&#8221;217&#8243; img_size=&#8221;full&#8221;][vc_column_text]<strong>Nat\u00fcrel \u0130\u00e7 F\u0131nd\u0131k Enerji ve Besin De\u011ferleri<\/strong><\/p>\n<table border=\"0\" cellspacing=\"0\" cellpadding=\"0\">\n<tbody>\n<tr>\n<td colspan=\"4\"><strong>ENERJ\u0130 VE BES\u0130N DE\u011eERLER\u0130 <\/strong><\/td>\n<td colspan=\"2\"><strong>100 g<\/strong><strong>\u2018daki miktar\u0131 <\/strong><\/td>\n<\/tr>\n<tr>\n<td colspan=\"4\"><strong>Energy and Nutrition Facts <\/strong><\/td>\n<td colspan=\"2\"><strong>Value for 100 g <\/strong><\/td>\n<\/tr>\n<tr>\n<td>Energy<\/td>\n<td>628<\/td>\n<td>kcal<\/td>\n<td>Total fat<\/td>\n<td>58<\/td>\n<td>g<\/td>\n<\/tr>\n<tr>\n<td>Protein<\/td>\n<td>15<\/td>\n<td>g<\/td>\n<td>Saturated fat<\/td>\n<td>4.5<\/td>\n<td>g<\/td>\n<\/tr>\n<tr>\n<td>Carbonhydrate<\/td>\n<td>16.67<\/td>\n<td>g<\/td>\n<td>Monounsaturated fat<\/td>\n<td>45.6<\/td>\n<td>g<\/td>\n<\/tr>\n<tr>\n<td>Fiber, total dietary<\/td>\n<td>9.7<\/td>\n<td>g<\/td>\n<td>Polyunsaturated fat<\/td>\n<td>7.9<\/td>\n<td>g<\/td>\n<\/tr>\n<tr>\n<td>Sugars, total<\/td>\n<td>4.3<\/td>\n<td>g<\/td>\n<td>Cholesterol<\/td>\n<td>0<\/td>\n<td>mg<\/td>\n<\/tr>\n<tr>\n<td colspan=\"3\"><strong>Minerals<\/strong><\/td>\n<td colspan=\"3\"><strong>Vitamin<\/strong><\/td>\n<\/tr>\n<tr>\n<td>Calcium, Ca<\/td>\n<td>114<\/td>\n<td>mg<\/td>\n<td>Vitamin C, ascorbic acid<\/td>\n<td>6.3<\/td>\n<td>mg<\/td>\n<\/tr>\n<tr>\n<td>Iron, Fe<\/td>\n<td>4.7<\/td>\n<td>mg<\/td>\n<td>Thiamin<\/td>\n<td>0.6<\/td>\n<td>mg<\/td>\n<\/tr>\n<tr>\n<td>Magnesium, Mg<\/td>\n<td>163<\/td>\n<td>mg<\/td>\n<td>Riboflavin<\/td>\n<td>0.1<\/td>\n<td>mg<\/td>\n<\/tr>\n<tr>\n<td>Phosphorus, P<\/td>\n<td>290<\/td>\n<td>mg<\/td>\n<td>Niacin<\/td>\n<td>1.8<\/td>\n<td>mg<\/td>\n<\/tr>\n<tr>\n<td>Potassium, K<\/td>\n<td>680<\/td>\n<td>mg<\/td>\n<td>Vitamin A, IU<\/td>\n<td>20<\/td>\n<td>IU<\/td>\n<\/tr>\n<tr>\n<td>Zinc, Zn<\/td>\n<td>2.5<\/td>\n<td>mg<\/td>\n<td>Vitamin E<\/td>\n<td>15.0<\/td>\n<td>mg<\/td>\n<\/tr>\n<tr>\n<td>Manganese, Mn<\/td>\n<td>6.2<\/td>\n<td>mg<\/td>\n<td>Vitamin B-6<\/td>\n<td>0.6<\/td>\n<td>mg<\/td>\n<\/tr>\n<tr>\n<td>Selenium, Se<\/td>\n<td>2.4<\/td>\n<td>mg<\/td>\n<td>Pantothenic Acid<\/td>\n<td>0.9<\/td>\n<td>mg<\/td>\n<\/tr>\n<tr>\n<td colspan=\"6\"><strong>USDA Nutrient database for Standard reference, release 20 (2007)<\/strong><\/td>\n<\/tr>\n<\/tbody>\n<\/table>\n<p>[\/vc_column_text][\/vc_column][vc_column width=&#8221;1\/2&#8243;][vc_column_text]<strong>Kavrulmu\u015f \u0130\u00e7 F\u0131nd\u0131k Enerji ve Besin De\u011ferleri<\/strong><\/p>\n<table border=\"0\" cellspacing=\"0\" cellpadding=\"0\">\n<tbody>\n<tr>\n<td colspan=\"4\"><strong>ENERJ\u0130 VE BES\u0130N DE\u011eERLER\u0130 <\/strong><\/td>\n<td colspan=\"2\"><strong>100 g<\/strong><strong>\u2018daki miktar\u0131 <\/strong><\/td>\n<\/tr>\n<tr>\n<td colspan=\"4\"><strong>Energy and Nutrition Facts <\/strong><\/td>\n<td colspan=\"2\"><strong>Value for 100 g <\/strong><\/td>\n<\/tr>\n<tr>\n<td>Energy<\/td>\n<td>646<\/td>\n<td>kcal<\/td>\n<td>Total fat<\/td>\n<td>59.5<\/td>\n<td>g<\/td>\n<\/tr>\n<tr>\n<td>Protein<\/td>\n<td>15<\/td>\n<td>g<\/td>\n<td>Saturated fat<\/td>\n<td>4.5<\/td>\n<td>g<\/td>\n<\/tr>\n<tr>\n<td>Carbonhydrate<\/td>\n<td>17.6<\/td>\n<td>g<\/td>\n<td>Monounsaturated fat<\/td>\n<td>46.6<\/td>\n<td>g<\/td>\n<\/tr>\n<tr>\n<td>Fiber, total dietary<\/td>\n<td>9.4<\/td>\n<td>g<\/td>\n<td>Polyunsaturated fat<\/td>\n<td>8.4<\/td>\n<td>g<\/td>\n<\/tr>\n<tr>\n<td>Sugars, total<\/td>\n<td>4.9<\/td>\n<td>g<\/td>\n<td>Cholesterol<\/td>\n<td>0<\/td>\n<td>mg<\/td>\n<\/tr>\n<tr>\n<td colspan=\"3\"><strong>Minerals<\/strong><\/td>\n<td colspan=\"3\"><strong>Vitamin<\/strong><\/td>\n<\/tr>\n<tr>\n<td>Calcium, Ca<\/td>\n<td>123<\/td>\n<td>mg<\/td>\n<td>Vitamin C, ascorbic acid<\/td>\n<td>3.8<\/td>\n<td>mg<\/td>\n<\/tr>\n<tr>\n<td>Iron, Fe<\/td>\n<td>4.4<\/td>\n<td>mg<\/td>\n<td>Thiamin<\/td>\n<td>0.3<\/td>\n<td>mg<\/td>\n<\/tr>\n<tr>\n<td>Magnesium, Mg<\/td>\n<td>173<\/td>\n<td>mg<\/td>\n<td>Riboflavin<\/td>\n<td>0.1<\/td>\n<td>mg<\/td>\n<\/tr>\n<tr>\n<td>Phosphorus, P<\/td>\n<td>310<\/td>\n<td>mg<\/td>\n<td>Niacin<\/td>\n<td>2<\/td>\n<td>mg<\/td>\n<\/tr>\n<tr>\n<td>Potassium, K<\/td>\n<td>755<\/td>\n<td>mg<\/td>\n<td>Vitamin A, IU<\/td>\n<td>61<\/td>\n<td>IU<\/td>\n<\/tr>\n<tr>\n<td>Zinc, Zn<\/td>\n<td>2.5<\/td>\n<td>mg<\/td>\n<td>Vitamin E<\/td>\n<td>15.3<\/td>\n<td>mg<\/td>\n<\/tr>\n<tr>\n<td>Manganese, Mn<\/td>\n<td>5.6<\/td>\n<td>mg<\/td>\n<td>Vitamin B-6<\/td>\n<td>0.6<\/td>\n<td>mg<\/td>\n<\/tr>\n<tr>\n<td>Selenium, Se<\/td>\n<td>4.1<\/td>\n<td>mg<\/td>\n<td>Pantothenic Acid<\/td>\n<td>0.9<\/td>\n<td>mg<\/td>\n<\/tr>\n<tr>\n<td colspan=\"6\"><strong>USDA Nutrient database for Standard reference, release 20 (2007)<\/strong><\/td>\n<\/tr>\n<\/tbody>\n<\/table>\n<p>[\/vc_column_text][\/vc_column][\/vc_row]<\/p>\n","protected":false},"excerpt":{"rendered":"<p>[vc_row][vc_column][vc_column_text] Fo\u00e7a F\u0131nd\u0131k [\/vc_column_text][\/vc_column][\/vc_row][vc_row][vc_column width=&#8221;1\/2&#8243;][vc_single_image image=&#8221;211&#8243; img_size=&#8221;full&#8221;][\/vc_column][vc_column width=&#8221;1\/2&#8243;][vc_column_text]\u00dcRET\u0130C\u0130DEN GELEN KABUKLU FINDIK \u00d6NCE FABR\u0130KA BO\u011eAZINDAN GE\u00c7ER VE ELEMEYE G\u0130RER.ELEKLERDE 19 mm\u2019\u0130N \u00dcZER\u0130 FO\u00c7A FINDIK OLARAK AYRILIR.TEM\u0130ZL\u0130\u011e\u0130 YAPILDIKTAN SONRAKABUKLU HALDE STANDART OLARAK \u00c7UVALLANIR .GENELDE \u0130\u00c7 P\u0130YASADA T\u00dcKET\u0130L\u0130R.G\u00d6R\u00dcNT\u00dc OLARAK G\u00dcZELD\u0130R.EN \u0130R\u0130 FINDIKLAR SE\u00c7\u0130LM\u0130\u015eT\u0130R.FAKAT EN \u0130R\u0130 FINDI\u011eIN \u0130\u00c7\u0130DE EN \u0130R\u0130 MAHS\u00dcL \u00c7IKMAYA B\u0130L\u0130R.FO\u00c7A FINDI\u011eIN KABU\u011eU KALIN OLUR.[\/vc_column_text][\/vc_column][\/vc_row][vc_row][vc_column][vc_separator border_width=&#8221;2&#8243;][\/vc_column][\/vc_row][vc_row][vc_column][vc_column_text] \u0130\u00e7 [&hellip;]<\/p>\n","protected":false},"author":3,"featured_media":0,"parent":0,"menu_order":0,"comment_status":"closed","ping_status":"closed","template":"","meta":[],"_links":{"self":[{"href":"https:\/\/tonguclar.com.tr\/index.php?rest_route=\/wp\/v2\/pages\/24"}],"collection":[{"href":"https:\/\/tonguclar.com.tr\/index.php?rest_route=\/wp\/v2\/pages"}],"about":[{"href":"https:\/\/tonguclar.com.tr\/index.php?rest_route=\/wp\/v2\/types\/page"}],"author":[{"embeddable":true,"href":"https:\/\/tonguclar.com.tr\/index.php?rest_route=\/wp\/v2\/users\/3"}],"replies":[{"embeddable":true,"href":"https:\/\/tonguclar.com.tr\/index.php?rest_route=%2Fwp%2Fv2%2Fcomments&post=24"}],"version-history":[{"count":10,"href":"https:\/\/tonguclar.com.tr\/index.php?rest_route=\/wp\/v2\/pages\/24\/revisions"}],"predecessor-version":[{"id":218,"href":"https:\/\/tonguclar.com.tr\/index.php?rest_route=\/wp\/v2\/pages\/24\/revisions\/218"}],"wp:attachment":[{"href":"https:\/\/tonguclar.com.tr\/index.php?rest_route=%2Fwp%2Fv2%2Fmedia&parent=24"}],"curies":[{"name":"wp","href":"https:\/\/api.w.org\/{rel}","templated":true}]}}