{"id":28,"date":"2018-01-04T00:43:05","date_gmt":"2018-01-03T21:43:05","guid":{"rendered":"http:\/\/tonguclar.com.tr\/?page_id=28"},"modified":"2018-02-21T14:38:24","modified_gmt":"2018-02-21T11:38:24","slug":"insaat-taahhut","status":"publish","type":"page","link":"https:\/\/tonguclar.com.tr\/?page_id=28","title":{"rendered":"\u0130n\u015faat Taahh\u00fct"},"content":{"rendered":"<p>[vc_row][vc_column width=&#8221;1\/2&#8243;][vc_column_text]<\/p>\n<h1>60 Y\u0131ll\u0131k TONGU\u00c7LAR G\u00fcvencesiyle<\/h1>\n<h1>Sat\u0131l\u0131k L\u00fcx Daireler<\/h1>\n<p><strong>Kaliteli Malzemeler ve Usta \u0130\u015f\u00e7ilikle Kand\u0131ra Merkezinde,<\/strong><\/p>\n<p><strong>Otogara, \u00e7ar\u015f\u0131ya yak\u0131n, ula\u015f\u0131m\u0131 kolay 3+1, Dublex Sat\u0131l\u0131k Daireler.<\/strong><\/p>\n<p>[\/vc_column_text][\/vc_column][vc_column width=&#8221;1\/2&#8243;][vc_single_image image=&#8221;274&#8243; img_size=&#8221;full&#8221;][\/vc_column][\/vc_row][vc_row][vc_column][vc_gallery type=&#8221;image_grid&#8221; images=&#8221;339,338,337,336&#8243; title=&#8221;\u0130n\u015faat\u0131m\u0131zdan Foto\u011fraflar&#8221;][\/vc_column][\/vc_row][vc_row][vc_column][vc_gmaps link=&#8221;#E-8_JTNDaWZyYW1lJTIwc3JjJTNEJTIyaHR0cHMlM0ElMkYlMkZ3d3cuZ29vZ2xlLmNvbSUyRm1hcHMlMkZlbWJlZCUzRnBiJTNEJTIxMW0xNyUyMTFtMTIlMjExbTMlMjExZDY0OC4yMDM2NzUwOTExMjU0JTIxMmQzMC4xNDc3OTQxODMzOTQxODYlMjEzZDQxLjA2OTQ2NTE1NDI4NTk1JTIxMm0zJTIxMWYwJTIxMmYwJTIxM2YwJTIxM20yJTIxMWkxMDI0JTIxMmk3NjglMjE0ZjEzLjElMjEzbTIlMjExbTElMjEyczQxLjA2OTMxNiUyNTJDJTJCMzAuMTQ4NjEyJTIxNWUxJTIxM20yJTIxMXN0ciUyMTJzdHIlMjE0djE1MTkyMTI5MDMzNDIlMjIlMjB3aWR0aCUzRCUyMjYwMCUyMiUyMGhlaWdodCUzRCUyMjQ1MCUyMiUyMGZyYW1lYm9yZGVyJTNEJTIyMCUyMiUyMHN0eWxlJTNEJTIyYm9yZGVyJTNBMCUyMiUyMGFsbG93ZnVsbHNjcmVlbiUzRSUzQyUyRmlmcmFtZSUzRQ==&#8221; title=&#8221;Binam\u0131z\u0131n Konumu&#8221;][\/vc_column][\/vc_row]<\/p>\n","protected":false},"excerpt":{"rendered":"<p>[vc_row][vc_column width=&#8221;1\/2&#8243;][vc_column_text] 60 Y\u0131ll\u0131k TONGU\u00c7LAR G\u00fcvencesiyle Sat\u0131l\u0131k L\u00fcx Daireler Kaliteli Malzemeler ve Usta \u0130\u015f\u00e7ilikle Kand\u0131ra Merkezinde, Otogara, \u00e7ar\u015f\u0131ya yak\u0131n, ula\u015f\u0131m\u0131 kolay 3+1, Dublex Sat\u0131l\u0131k Daireler. [\/vc_column_text][\/vc_column][vc_column width=&#8221;1\/2&#8243;][vc_single_image image=&#8221;274&#8243; img_size=&#8221;full&#8221;][\/vc_column][\/vc_row][vc_row][vc_column][vc_gallery type=&#8221;image_grid&#8221; images=&#8221;339,338,337,336&#8243; title=&#8221;\u0130n\u015faat\u0131m\u0131zdan Foto\u011fraflar&#8221;][\/vc_column][\/vc_row][vc_row][vc_column][vc_gmaps link=&#8221;#E-8_JTNDaWZyYW1lJTIwc3JjJTNEJTIyaHR0cHMlM0ElMkYlMkZ3d3cuZ29vZ2xlLmNvbSUyRm1hcHMlMkZlbWJlZCUzRnBiJTNEJTIxMW0xNyUyMTFtMTIlMjExbTMlMjExZDY0OC4yMDM2NzUwOTExMjU0JTIxMmQzMC4xNDc3OTQxODMzOTQxODYlMjEzZDQxLjA2OTQ2NTE1NDI4NTk1JTIxMm0zJTIxMWYwJTIxMmYwJTIxM2YwJTIxM20yJTIxMWkxMDI0JTIxMmk3NjglMjE0ZjEzLjElMjEzbTIlMjExbTElMjEyczQxLjA2OTMxNiUyNTJDJTJCMzAuMTQ4NjEyJTIxNWUxJTIxM20yJTIxMXN0ciUyMTJzdHIlMjE0djE1MTkyMTI5MDMzNDIlMjIlMjB3aWR0aCUzRCUyMjYwMCUyMiUyMGhlaWdodCUzRCUyMjQ1MCUyMiUyMGZyYW1lYm9yZGVyJTNEJTIyMCUyMiUyMHN0eWxlJTNEJTIyYm9yZGVyJTNBMCUyMiUyMGFsbG93ZnVsbHNjcmVlbiUzRSUzQyUyRmlmcmFtZSUzRQ==&#8221; title=&#8221;Binam\u0131z\u0131n Konumu&#8221;][\/vc_column][\/vc_row]<\/p>\n","protected":false},"author":3,"featured_media":0,"parent":0,"menu_order":0,"comment_status":"closed","ping_status":"closed","template":"","meta":[],"_links":{"self":[{"href":"https:\/\/tonguclar.com.tr\/index.php?rest_route=\/wp\/v2\/pages\/28"}],"collection":[{"href":"https:\/\/tonguclar.com.tr\/index.php?rest_route=\/wp\/v2\/pages"}],"about":[{"href":"https:\/\/tonguclar.com.tr\/index.php?rest_route=\/wp\/v2\/types\/page"}],"author":[{"embeddable":true,"href":"https:\/\/tonguclar.com.tr\/index.php?rest_route=\/wp\/v2\/users\/3"}],"replies":[{"embeddable":true,"href":"https:\/\/tonguclar.com.tr\/index.php?rest_route=%2Fwp%2Fv2%2Fcomments&post=28"}],"version-history":[{"count":14,"href":"https:\/\/tonguclar.com.tr\/index.php?rest_route=\/wp\/v2\/pages\/28\/revisions"}],"predecessor-version":[{"id":379,"href":"https:\/\/tonguclar.com.tr\/index.php?rest_route=\/wp\/v2\/pages\/28\/revisions\/379"}],"wp:attachment":[{"href":"https:\/\/tonguclar.com.tr\/index.php?rest_route=%2Fwp%2Fv2%2Fmedia&parent=28"}],"curies":[{"name":"wp","href":"https:\/\/api.w.org\/{rel}","templated":true}]}}